{"id":2,"date":"2021-03-18T10:00:01","date_gmt":"2021-03-18T09:00:01","guid":{"rendered":"http:\/\/asso-fleurs.com\/?page_id=2"},"modified":"2024-10-02T15:50:45","modified_gmt":"2024-10-02T13:50:45","slug":"page-d-exemple","status":"publish","type":"page","link":"https:\/\/asso-fleurs.com\/","title":{"rendered":"Accueil"},"content":{"rendered":"\n<div class=\"wp-block-cover alignfull\"><span aria-hidden=\"true\" class=\"wp-block-cover__background has-nv-dark-bg-background-color has-background-dim\"><\/span><img fetchpriority=\"high\" decoding=\"async\" width=\"2560\" height=\"1707\" class=\"wp-block-cover__image-background wp-image-2387\" alt=\"\" src=\"http:\/\/asso-fleurs.com\/wp-content\/uploads\/2024\/10\/AdobeStock_204266470-scaled.jpeg\" data-object-fit=\"cover\" srcset=\"https:\/\/asso-fleurs.com\/wp-content\/uploads\/2024\/10\/AdobeStock_204266470-scaled.jpeg 2560w, https:\/\/asso-fleurs.com\/wp-content\/uploads\/2024\/10\/AdobeStock_204266470-300x200.jpeg 300w, https:\/\/asso-fleurs.com\/wp-content\/uploads\/2024\/10\/AdobeStock_204266470-1024x683.jpeg 1024w, https:\/\/asso-fleurs.com\/wp-content\/uploads\/2024\/10\/AdobeStock_204266470-768x512.jpeg 768w, https:\/\/asso-fleurs.com\/wp-content\/uploads\/2024\/10\/AdobeStock_204266470-1536x1024.jpeg 1536w, https:\/\/asso-fleurs.com\/wp-content\/uploads\/2024\/10\/AdobeStock_204266470-2048x1365.jpeg 2048w, https:\/\/asso-fleurs.com\/wp-content\/uploads\/2024\/10\/AdobeStock_204266470-930x620.jpeg 930w\" sizes=\"(max-width: 2560px) 100vw, 2560px\" \/><div class=\"wp-block-cover__inner-container is-layout-constrained wp-block-cover-is-layout-constrained\">\n<p class=\"has-text-align-center has-nv-light-bg-color has-text-color has-link-color has-x-large-font-size wp-elements-c0c78d54a9c41a0d1f490369ed442db8\"><strong>Vente de fleurs et plantes pour financer vos projets scolaires ou associatifs<\/strong><\/p>\n<\/div><\/div>\n\n\n\n<div class=\"wp-block-cover alignfull is-light\" style=\"min-height:250px;aspect-ratio:unset;\"><span aria-hidden=\"true\" class=\"wp-block-cover__background has-background-dim-100 has-background-dim\" style=\"background-color:#f5ecea\"><\/span><div class=\"wp-block-cover__inner-container is-layout-constrained wp-block-cover-is-layout-constrained\">\n<div class=\"wp-block-columns is-layout-flex wp-container-core-columns-is-layout-1 wp-block-columns-is-layout-flex\">\n<div class=\"wp-block-column is-layout-flow wp-block-column-is-layout-flow\">\n<div style=\"height:20px\" aria-hidden=\"true\" class=\"wp-block-spacer\"><\/div>\n\n\n<div class=\"wp-block-image\">\n<figure class=\"aligncenter size-thumbnail\"><img decoding=\"async\" width=\"150\" height=\"150\" src=\"http:\/\/asso-fleurs.com\/wp-content\/uploads\/2024\/10\/Pictogrammes-V1_Plan-de-travail-1-copie-3-150x150.png\" alt=\"\" class=\"wp-image-2377\" srcset=\"https:\/\/asso-fleurs.com\/wp-content\/uploads\/2024\/10\/Pictogrammes-V1_Plan-de-travail-1-copie-3-150x150.png 150w, https:\/\/asso-fleurs.com\/wp-content\/uploads\/2024\/10\/Pictogrammes-V1_Plan-de-travail-1-copie-3.png 284w\" sizes=\"(max-width: 150px) 100vw, 150px\" \/><\/figure><\/div>\n\n\n<div style=\"height:10px\" aria-hidden=\"true\" class=\"wp-block-spacer\"><\/div>\n\n\n\n<h4 class=\"wp-block-heading has-text-align-center has-nv-dark-bg-color has-text-color has-link-color wp-elements-92fecd345138656bd3b15c8b4a4d86a2\">Tr\u00e8s simple<\/h4>\n<\/div>\n\n\n\n<div class=\"wp-block-column is-layout-flow wp-block-column-is-layout-flow\">\n<div style=\"height:20px\" aria-hidden=\"true\" class=\"wp-block-spacer\"><\/div>\n\n\n<div class=\"wp-block-image\">\n<figure class=\"aligncenter size-thumbnail\"><img decoding=\"async\" width=\"150\" height=\"150\" src=\"http:\/\/asso-fleurs.com\/wp-content\/uploads\/2024\/10\/Pictogrammes-V1-14-150x150.png\" alt=\"\" class=\"wp-image-2378\" srcset=\"https:\/\/asso-fleurs.com\/wp-content\/uploads\/2024\/10\/Pictogrammes-V1-14-150x150.png 150w, https:\/\/asso-fleurs.com\/wp-content\/uploads\/2024\/10\/Pictogrammes-V1-14.png 284w\" sizes=\"(max-width: 150px) 100vw, 150px\" \/><\/figure><\/div>\n\n\n<div style=\"height:10px\" aria-hidden=\"true\" class=\"wp-block-spacer\"><\/div>\n\n\n\n<h4 class=\"wp-block-heading has-text-align-center has-nv-dark-bg-color has-text-color has-link-color wp-elements-d1d23a8a3b222f2b16204bc0a2a0b376\">Tr\u00e8s rentable<\/h4>\n<\/div>\n\n\n\n<div class=\"wp-block-column is-layout-flow wp-block-column-is-layout-flow\">\n<div style=\"height:20px\" aria-hidden=\"true\" class=\"wp-block-spacer\"><\/div>\n\n\n<div class=\"wp-block-image\">\n<figure class=\"aligncenter size-thumbnail\"><img loading=\"lazy\" decoding=\"async\" width=\"150\" height=\"150\" src=\"http:\/\/asso-fleurs.com\/wp-content\/uploads\/2024\/10\/Pictogrammes-V1-15-150x150.png\" alt=\"\" class=\"wp-image-2379\" srcset=\"https:\/\/asso-fleurs.com\/wp-content\/uploads\/2024\/10\/Pictogrammes-V1-15-150x150.png 150w, https:\/\/asso-fleurs.com\/wp-content\/uploads\/2024\/10\/Pictogrammes-V1-15.png 284w\" sizes=\"(max-width: 150px) 100vw, 150px\" \/><\/figure><\/div>\n\n\n<div style=\"height:10px\" aria-hidden=\"true\" class=\"wp-block-spacer\"><\/div>\n\n\n\n<h4 class=\"wp-block-heading has-text-align-center has-nv-dark-bg-color has-text-color has-link-color wp-elements-31ae577a9264eaeda16e40590cbc5300\">Prix comp\u00e9titif<\/h4>\n<\/div>\n\n\n\n<div class=\"wp-block-column is-layout-flow wp-block-column-is-layout-flow\">\n<div style=\"height:20px\" aria-hidden=\"true\" class=\"wp-block-spacer\"><\/div>\n\n\n<div class=\"wp-block-image\">\n<figure class=\"aligncenter size-thumbnail\"><img loading=\"lazy\" decoding=\"async\" width=\"150\" height=\"150\" src=\"http:\/\/asso-fleurs.com\/wp-content\/uploads\/2024\/10\/Pictogrammes-V1-16-150x150.png\" alt=\"\" class=\"wp-image-2380\" srcset=\"https:\/\/asso-fleurs.com\/wp-content\/uploads\/2024\/10\/Pictogrammes-V1-16-150x150.png 150w, https:\/\/asso-fleurs.com\/wp-content\/uploads\/2024\/10\/Pictogrammes-V1-16.png 284w\" sizes=\"(max-width: 150px) 100vw, 150px\" \/><\/figure><\/div>\n\n\n<div style=\"height:10px\" aria-hidden=\"true\" class=\"wp-block-spacer\"><\/div>\n\n\n\n<h4 class=\"wp-block-heading has-text-align-center has-nv-dark-bg-color has-text-color has-link-color wp-elements-d03f2fc1f29097850f5e56301c3d61ab\">Qualit\u00e9 fleuristerie<\/h4>\n<\/div>\n<\/div>\n<\/div><\/div>\n\n\n\n<div style=\"height:40px\" aria-hidden=\"true\" class=\"wp-block-spacer\"><\/div>\n\n\n\n<div class=\"wp-block-media-text is-stacked-on-mobile is-image-fill has-background\" style=\"background-color:#f5ecea\"><figure class=\"wp-block-media-text__media\" style=\"background-image:url(http:\/\/asso-fleurs.com\/wp-content\/uploads\/2024\/10\/Financez-votre-projet-V1-1024x711.jpg);background-position:50% 50%\"><img loading=\"lazy\" decoding=\"async\" width=\"1024\" height=\"711\" src=\"http:\/\/asso-fleurs.com\/wp-content\/uploads\/2024\/10\/Financez-votre-projet-V1-1024x711.jpg\" alt=\"\" class=\"wp-image-2385 size-full\" srcset=\"https:\/\/asso-fleurs.com\/wp-content\/uploads\/2024\/10\/Financez-votre-projet-V1-1024x711.jpg 1024w, https:\/\/asso-fleurs.com\/wp-content\/uploads\/2024\/10\/Financez-votre-projet-V1-300x208.jpg 300w, https:\/\/asso-fleurs.com\/wp-content\/uploads\/2024\/10\/Financez-votre-projet-V1-768x534.jpg 768w, https:\/\/asso-fleurs.com\/wp-content\/uploads\/2024\/10\/Financez-votre-projet-V1-1536x1067.jpg 1536w, https:\/\/asso-fleurs.com\/wp-content\/uploads\/2024\/10\/Financez-votre-projet-V1-2048x1423.jpg 2048w\" sizes=\"(max-width: 1024px) 100vw, 1024px\" \/><\/figure><div class=\"wp-block-media-text__content\">\n<div style=\"height:20px\" aria-hidden=\"true\" class=\"wp-block-spacer\"><\/div>\n\n\n\n<h2 class=\"wp-block-heading titreaccueil\">Financez un projet avec Asso-fleurs<\/h2>\n\n\n\n<p>Besoin de r\u00e9colter des fonds pour un projet qui vous tient \u00e0 coeur ? Asso-fleurs vous propose des solutions simples et efficaces pour collecter des fonds.<\/p>\n\n\n\n<div style=\"height:10px\" aria-hidden=\"true\" class=\"wp-block-spacer\"><\/div>\n\n\n\n<div class=\"wp-block-buttons is-layout-flex wp-block-buttons-is-layout-flex\">\n<div class=\"wp-block-button is-style-primary\"><a class=\"wp-block-button__link wp-element-button\" href=\"http:\/\/asso-fleurs.com\/index.php\/financez-un-projet-scolaire-ou-associatif\/\">En savoir +<\/a><\/div>\n<\/div>\n\n\n\n<div style=\"height:20px\" aria-hidden=\"true\" class=\"wp-block-spacer\"><\/div>\n<\/div><\/div>\n\n\n\n<div style=\"height:30px\" aria-hidden=\"true\" class=\"wp-block-spacer\"><\/div>\n\n\n\n<div class=\"wp-block-media-text has-media-on-the-right is-stacked-on-mobile is-image-fill has-background\" style=\"background-color:#f5ecea\"><div class=\"wp-block-media-text__content\">\n<div style=\"height:20px\" aria-hidden=\"true\" class=\"wp-block-spacer\"><\/div>\n\n\n\n<h2 class=\"wp-block-heading has-text-align-right titreaccueil\">Comment \u00e7a marche ?<\/h2>\n\n\n\n<p class=\"has-text-align-right\">Des solutions cl\u00e9s-en-main, simples et efficaces pour r\u00e9aliser des actions r\u00e9ussies, tout au long de l&rsquo;ann\u00e9e.<\/p>\n\n\n\n<div style=\"height:10px\" aria-hidden=\"true\" class=\"wp-block-spacer\"><\/div>\n\n\n\n<div class=\"wp-block-buttons is-content-justification-right is-layout-flex wp-container-core-buttons-is-layout-2 wp-block-buttons-is-layout-flex\">\n<div class=\"wp-block-button is-style-primary\"><a class=\"wp-block-button__link has-text-align-left wp-element-button\" href=\"http:\/\/asso-fleurs.com\/index.php\/comment-ca-fonctionne\/\">En savoir +<\/a><\/div>\n<\/div>\n\n\n\n<div style=\"height:20px\" aria-hidden=\"true\" class=\"wp-block-spacer\"><\/div>\n<\/div><figure class=\"wp-block-media-text__media\" style=\"background-image:url(http:\/\/asso-fleurs.com\/wp-content\/uploads\/2024\/10\/Financez-votre-projet-V2-1024x711.jpg);background-position:50% 50%\"><img loading=\"lazy\" decoding=\"async\" width=\"1024\" height=\"711\" src=\"http:\/\/asso-fleurs.com\/wp-content\/uploads\/2024\/10\/Financez-votre-projet-V2-1024x711.jpg\" alt=\"\" class=\"wp-image-2384 size-full\" srcset=\"https:\/\/asso-fleurs.com\/wp-content\/uploads\/2024\/10\/Financez-votre-projet-V2-1024x711.jpg 1024w, https:\/\/asso-fleurs.com\/wp-content\/uploads\/2024\/10\/Financez-votre-projet-V2-300x208.jpg 300w, https:\/\/asso-fleurs.com\/wp-content\/uploads\/2024\/10\/Financez-votre-projet-V2-768x534.jpg 768w, https:\/\/asso-fleurs.com\/wp-content\/uploads\/2024\/10\/Financez-votre-projet-V2-1536x1067.jpg 1536w, https:\/\/asso-fleurs.com\/wp-content\/uploads\/2024\/10\/Financez-votre-projet-V2-2048x1423.jpg 2048w\" sizes=\"(max-width: 1024px) 100vw, 1024px\" \/><\/figure><\/div>\n\n\n\n<div style=\"height:30px\" aria-hidden=\"true\" class=\"wp-block-spacer\"><\/div>\n\n\n\n<div class=\"wp-block-media-text is-stacked-on-mobile is-image-fill has-background\" style=\"background-color:#f5ecea\"><figure class=\"wp-block-media-text__media\" style=\"background-image:url(http:\/\/asso-fleurs.com\/wp-content\/uploads\/2024\/10\/Financez-votre-projet-V3-1024x711.jpg);background-position:50% 50%\"><img loading=\"lazy\" decoding=\"async\" width=\"1024\" height=\"711\" src=\"http:\/\/asso-fleurs.com\/wp-content\/uploads\/2024\/10\/Financez-votre-projet-V3-1024x711.jpg\" alt=\"\" class=\"wp-image-2383 size-full\" srcset=\"https:\/\/asso-fleurs.com\/wp-content\/uploads\/2024\/10\/Financez-votre-projet-V3-1024x711.jpg 1024w, https:\/\/asso-fleurs.com\/wp-content\/uploads\/2024\/10\/Financez-votre-projet-V3-300x208.jpg 300w, https:\/\/asso-fleurs.com\/wp-content\/uploads\/2024\/10\/Financez-votre-projet-V3-768x534.jpg 768w, https:\/\/asso-fleurs.com\/wp-content\/uploads\/2024\/10\/Financez-votre-projet-V3-1536x1067.jpg 1536w, https:\/\/asso-fleurs.com\/wp-content\/uploads\/2024\/10\/Financez-votre-projet-V3-2048x1423.jpg 2048w\" sizes=\"(max-width: 1024px) 100vw, 1024px\" \/><\/figure><div class=\"wp-block-media-text__content\">\n<div style=\"height:20px\" aria-hidden=\"true\" class=\"wp-block-spacer\"><\/div>\n\n\n\n<h2 class=\"wp-block-heading titreaccueil\">Lancez votre action !<\/h2>\n\n\n\n<p>Demandez votre kit gratuit de d\u00e9marrage pour mettre en place votre action.<\/p>\n\n\n\n<div style=\"height:10px\" aria-hidden=\"true\" class=\"wp-block-spacer\"><\/div>\n\n\n\n<div class=\"wp-block-buttons is-layout-flex wp-block-buttons-is-layout-flex\">\n<div class=\"wp-block-button is-style-primary\"><a class=\"wp-block-button__link wp-element-button\" href=\"http:\/\/asso-fleurs.com\/index.php\/lancez-votre-projet\/\">En savoir +<\/a><\/div>\n<\/div>\n\n\n\n<div style=\"height:20px\" aria-hidden=\"true\" class=\"wp-block-spacer\"><\/div>\n<\/div><\/div>\n\n\n\n<div style=\"height:30px\" aria-hidden=\"true\" class=\"wp-block-spacer\"><\/div>\n\n\n\n<div class=\"wp-block-media-text has-media-on-the-right is-stacked-on-mobile is-image-fill has-background\" style=\"background-color:#f5ecea\"><div class=\"wp-block-media-text__content\">\n<div style=\"height:20px\" aria-hidden=\"true\" class=\"wp-block-spacer\"><\/div>\n\n\n\n<h2 class=\"wp-block-heading has-text-align-right titreaccueil\">Contactez-nous<\/h2>\n\n\n\n<p class=\"has-text-align-right\">Une question, besoin d&rsquo;explication ? Contactez notre \u00e9quipe ! <\/p>\n\n\n\n<div style=\"height:10px\" aria-hidden=\"true\" class=\"wp-block-spacer\"><\/div>\n\n\n\n<div class=\"wp-block-buttons is-content-justification-right is-layout-flex wp-container-core-buttons-is-layout-4 wp-block-buttons-is-layout-flex\">\n<div class=\"wp-block-button is-style-primary\"><a class=\"wp-block-button__link wp-element-button\" href=\"http:\/\/asso-fleurs.com\/index.php\/contactez-nous\/\">En savoir +<\/a><\/div>\n<\/div>\n\n\n\n<div style=\"height:20px\" aria-hidden=\"true\" class=\"wp-block-spacer\"><\/div>\n<\/div><figure class=\"wp-block-media-text__media\" style=\"background-image:url(http:\/\/asso-fleurs.com\/wp-content\/uploads\/2024\/10\/Financez-votre-projet-V4-1024x711.jpg);background-position:50% 50%\"><img loading=\"lazy\" decoding=\"async\" width=\"1024\" height=\"711\" src=\"http:\/\/asso-fleurs.com\/wp-content\/uploads\/2024\/10\/Financez-votre-projet-V4-1024x711.jpg\" alt=\"\" class=\"wp-image-2382 size-full\" srcset=\"https:\/\/asso-fleurs.com\/wp-content\/uploads\/2024\/10\/Financez-votre-projet-V4-1024x711.jpg 1024w, https:\/\/asso-fleurs.com\/wp-content\/uploads\/2024\/10\/Financez-votre-projet-V4-300x208.jpg 300w, https:\/\/asso-fleurs.com\/wp-content\/uploads\/2024\/10\/Financez-votre-projet-V4-768x534.jpg 768w, https:\/\/asso-fleurs.com\/wp-content\/uploads\/2024\/10\/Financez-votre-projet-V4-1536x1067.jpg 1536w, https:\/\/asso-fleurs.com\/wp-content\/uploads\/2024\/10\/Financez-votre-projet-V4-2048x1423.jpg 2048w\" sizes=\"(max-width: 1024px) 100vw, 1024px\" \/><\/figure><\/div>\n\n\n\n<div style=\"height:40px\" aria-hidden=\"true\" class=\"wp-block-spacer\"><\/div>\n\n\n\n<p><\/p>\n","protected":false},"excerpt":{"rendered":"","protected":false},"author":1,"featured_media":0,"parent":0,"menu_order":0,"comment_status":"closed","ping_status":"open","template":"","meta":{"neve_meta_sidebar":"default","neve_meta_container":"full-width","neve_meta_enable_content_width":"on","neve_meta_content_width":55,"neve_meta_title_alignment":"center","neve_meta_author_avatar":"","neve_post_elements_order":"","neve_meta_disable_header":"off","neve_meta_disable_footer":"off","neve_meta_disable_title":"on","footnotes":""},"aioseo_notices":[],"_links":{"self":[{"href":"https:\/\/asso-fleurs.com\/index.php\/wp-json\/wp\/v2\/pages\/2"}],"collection":[{"href":"https:\/\/asso-fleurs.com\/index.php\/wp-json\/wp\/v2\/pages"}],"about":[{"href":"https:\/\/asso-fleurs.com\/index.php\/wp-json\/wp\/v2\/types\/page"}],"author":[{"embeddable":true,"href":"https:\/\/asso-fleurs.com\/index.php\/wp-json\/wp\/v2\/users\/1"}],"replies":[{"embeddable":true,"href":"https:\/\/asso-fleurs.com\/index.php\/wp-json\/wp\/v2\/comments?post=2"}],"version-history":[{"count":236,"href":"https:\/\/asso-fleurs.com\/index.php\/wp-json\/wp\/v2\/pages\/2\/revisions"}],"predecessor-version":[{"id":2437,"href":"https:\/\/asso-fleurs.com\/index.php\/wp-json\/wp\/v2\/pages\/2\/revisions\/2437"}],"wp:attachment":[{"href":"https:\/\/asso-fleurs.com\/index.php\/wp-json\/wp\/v2\/media?parent=2"}],"curies":[{"name":"wp","href":"https:\/\/api.w.org\/{rel}","templated":true}]}}