{"id":26,"date":"2021-04-12T14:22:47","date_gmt":"2021-04-12T12:22:47","guid":{"rendered":"https:\/\/asso-fleurs.com\/?page_id=26"},"modified":"2024-10-03T08:57:33","modified_gmt":"2024-10-03T06:57:33","slug":"financez-un-projet-scolaire-ou-associatif","status":"publish","type":"page","link":"https:\/\/asso-fleurs.com\/index.php\/financez-un-projet-scolaire-ou-associatif\/","title":{"rendered":"Financez un projet scolaire ou associatif"},"content":{"rendered":"\n<div class=\"wp-block-cover alignfull\"><span aria-hidden=\"true\" class=\"wp-block-cover__background has-nv-dark-bg-background-color has-background-dim\"><\/span><img fetchpriority=\"high\" decoding=\"async\" width=\"2560\" height=\"1707\" class=\"wp-block-cover__image-background wp-image-2336\" alt=\"\" src=\"http:\/\/asso-fleurs.com\/wp-content\/uploads\/2024\/10\/AdobeStock_307588403-scaled.jpeg\" style=\"object-position:54% 59%\" data-object-fit=\"cover\" data-object-position=\"54% 59%\" srcset=\"https:\/\/asso-fleurs.com\/wp-content\/uploads\/2024\/10\/AdobeStock_307588403-scaled.jpeg 2560w, https:\/\/asso-fleurs.com\/wp-content\/uploads\/2024\/10\/AdobeStock_307588403-300x200.jpeg 300w, https:\/\/asso-fleurs.com\/wp-content\/uploads\/2024\/10\/AdobeStock_307588403-1024x683.jpeg 1024w, https:\/\/asso-fleurs.com\/wp-content\/uploads\/2024\/10\/AdobeStock_307588403-768x512.jpeg 768w, https:\/\/asso-fleurs.com\/wp-content\/uploads\/2024\/10\/AdobeStock_307588403-1536x1024.jpeg 1536w, https:\/\/asso-fleurs.com\/wp-content\/uploads\/2024\/10\/AdobeStock_307588403-2048x1365.jpeg 2048w, https:\/\/asso-fleurs.com\/wp-content\/uploads\/2024\/10\/AdobeStock_307588403-930x620.jpeg 930w\" sizes=\"(max-width: 2560px) 100vw, 2560px\" \/><div class=\"wp-block-cover__inner-container is-layout-constrained wp-block-cover-is-layout-constrained\">\n<p class=\"has-text-align-center has-nv-site-bg-color has-text-color has-link-color has-x-large-font-size wp-elements-36a88d4219cec623cb5afdc586301e07\"><strong>Lancez votre op\u00e9ration !<\/strong><\/p>\n<\/div><\/div>\n\n\n\n<div style=\"height:30px\" aria-hidden=\"true\" class=\"wp-block-spacer\"><\/div>\n\n\n\n<p class=\"has-text-align-center has-medium-font-size\"><strong>Besoin de fonds pour financer des projets<\/strong>&nbsp;p\u00e9dagogiques, activit\u00e9s de votre \u00e9cole ou association ? (sorties scolaires, voyages, spectacles, jeux, mat\u00e9riels\u2026). Des&nbsp;<strong>actions cl\u00e9s-en-main<\/strong>&nbsp;pour financer vos projets \u00e0 partir de la&nbsp;<strong>vente de fleurs et plantes<\/strong>. <\/p>\n\n\n\n<h2 class=\"wp-block-heading has-text-align-center has-neve-link-hover-color-color has-text-color has-link-color wp-elements-43fb19a651608ce77f0bda6e6133fe99\">30 %* de b\u00e9n\u00e9fices pour votre association<\/h2>\n\n\n\n<div class=\"wp-block-buttons is-content-justification-center is-layout-flex wp-container-core-buttons-is-layout-1 wp-block-buttons-is-layout-flex\">\n<div class=\"wp-block-button is-style-primary\"><a class=\"wp-block-button__link wp-element-button\" href=\"http:\/\/asso-fleurs.com\/index.php\/comment-ca-fonctionne\/\">D\u00e9couvrez comment \u00e7a marche !<\/a><\/div>\n<\/div>\n\n\n\n<div style=\"height:30px\" aria-hidden=\"true\" class=\"wp-block-spacer\"><\/div>\n\n\n\n<div class=\"wp-block-cover alignfull is-light\"><span aria-hidden=\"true\" class=\"wp-block-cover__background has-background-dim-100 has-background-dim\" style=\"background-color:#f5ecea\"><\/span><div class=\"wp-block-cover__inner-container is-layout-constrained wp-block-cover-is-layout-constrained\">\n<div style=\"height:40px\" aria-hidden=\"true\" class=\"wp-block-spacer\"><\/div>\n\n\n\n<h2 class=\"wp-block-heading has-text-align-center has-nv-dark-bg-color has-text-color has-link-color has-large-font-size wp-elements-cb738f8edf94a557f37cd24719b3c1a2\"><strong>Faites le plein d&rsquo;occasions pour concr\u00e9tiser vos projets !<\/strong><\/h2>\n\n\n\n<div class=\"wp-block-columns is-layout-flex wp-container-core-columns-is-layout-1 wp-block-columns-is-layout-flex\">\n<div class=\"wp-block-column is-layout-flow wp-block-column-is-layout-flow\"><div class=\"wp-block-image\">\n<figure class=\"aligncenter size-large\"><img decoding=\"async\" width=\"1024\" height=\"1024\" src=\"http:\/\/asso-fleurs.com\/wp-content\/uploads\/2024\/10\/Financez-votre-projet-V1-1024x1024.png\" alt=\"\" class=\"wp-image-2359\" srcset=\"https:\/\/asso-fleurs.com\/wp-content\/uploads\/2024\/10\/Financez-votre-projet-V1-1024x1024.png 1024w, https:\/\/asso-fleurs.com\/wp-content\/uploads\/2024\/10\/Financez-votre-projet-V1-300x300.png 300w, https:\/\/asso-fleurs.com\/wp-content\/uploads\/2024\/10\/Financez-votre-projet-V1-150x150.png 150w, https:\/\/asso-fleurs.com\/wp-content\/uploads\/2024\/10\/Financez-votre-projet-V1-768x768.png 768w, https:\/\/asso-fleurs.com\/wp-content\/uploads\/2024\/10\/Financez-votre-projet-V1.png 1440w\" sizes=\"(max-width: 1024px) 100vw, 1024px\" \/><\/figure><\/div>\n\n\n<h3 class=\"wp-block-heading has-text-align-center financez has-nv-dark-bg-color has-text-color has-link-color wp-elements-107fd0fa86d121de287ede85eff10ac5\">F\u00eate des mamies<\/h3>\n\n\n\n<p class=\"has-text-align-center has-neve-link-color-color has-text-color has-link-color wp-elements-82a110ff6347dd87a572d9f11d4a9b7d\">1\u00e8re semaine de mars<\/p>\n\n\n\n<div class=\"wp-block-buttons is-content-justification-center is-layout-flex wp-container-core-buttons-is-layout-2 wp-block-buttons-is-layout-flex\">\n<div class=\"wp-block-button is-style-primary\"><a class=\"wp-block-button__link wp-element-button\" href=\"http:\/\/asso-fleurs.com\/index.php\/catalogues\/\">D\u00e9couvrir le catalogue<\/a><\/div>\n<\/div>\n<\/div>\n\n\n\n<div class=\"wp-block-column is-layout-flow wp-block-column-is-layout-flow\"><div class=\"wp-block-image\">\n<figure class=\"aligncenter size-large\"><img decoding=\"async\" width=\"1024\" height=\"1024\" src=\"http:\/\/asso-fleurs.com\/wp-content\/uploads\/2024\/10\/Financez-votre-projet-V12-1024x1024.png\" alt=\"\" class=\"wp-image-2360\" srcset=\"https:\/\/asso-fleurs.com\/wp-content\/uploads\/2024\/10\/Financez-votre-projet-V12-1024x1024.png 1024w, https:\/\/asso-fleurs.com\/wp-content\/uploads\/2024\/10\/Financez-votre-projet-V12-300x300.png 300w, https:\/\/asso-fleurs.com\/wp-content\/uploads\/2024\/10\/Financez-votre-projet-V12-150x150.png 150w, https:\/\/asso-fleurs.com\/wp-content\/uploads\/2024\/10\/Financez-votre-projet-V12-768x768.png 768w, https:\/\/asso-fleurs.com\/wp-content\/uploads\/2024\/10\/Financez-votre-projet-V12.png 1440w\" sizes=\"(max-width: 1024px) 100vw, 1024px\" \/><\/figure><\/div>\n\n\n<h3 class=\"wp-block-heading has-text-align-center financez has-nv-dark-bg-color has-text-color has-link-color wp-elements-963e7897163fe17d8c25461b057cd642\">Op\u00e9ration tous au jardin<\/h3>\n\n\n\n<p class=\"has-text-align-center has-nv-dark-bg-color has-text-color has-link-color wp-elements-b39e8ab767d78c71a18bacad72fe0e60\">Mois d\u2019avril<\/p>\n\n\n\n<div class=\"wp-block-buttons is-content-justification-center is-layout-flex wp-container-core-buttons-is-layout-3 wp-block-buttons-is-layout-flex\">\n<div class=\"wp-block-button is-style-primary\"><a class=\"wp-block-button__link wp-element-button\" href=\"http:\/\/asso-fleurs.com\/index.php\/catalogues\/\">D\u00e9couvrir le catalogue<\/a><\/div>\n<\/div>\n<\/div>\n\n\n\n<div class=\"wp-block-column is-layout-flow wp-block-column-is-layout-flow\"><div class=\"wp-block-image\">\n<figure class=\"aligncenter size-large\"><img loading=\"lazy\" decoding=\"async\" width=\"1024\" height=\"1024\" src=\"http:\/\/asso-fleurs.com\/wp-content\/uploads\/2024\/10\/Financez-votre-projet-V15-1024x1024.png\" alt=\"\" class=\"wp-image-2361\" srcset=\"https:\/\/asso-fleurs.com\/wp-content\/uploads\/2024\/10\/Financez-votre-projet-V15-1024x1024.png 1024w, https:\/\/asso-fleurs.com\/wp-content\/uploads\/2024\/10\/Financez-votre-projet-V15-300x300.png 300w, https:\/\/asso-fleurs.com\/wp-content\/uploads\/2024\/10\/Financez-votre-projet-V15-150x150.png 150w, https:\/\/asso-fleurs.com\/wp-content\/uploads\/2024\/10\/Financez-votre-projet-V15-768x768.png 768w, https:\/\/asso-fleurs.com\/wp-content\/uploads\/2024\/10\/Financez-votre-projet-V15.png 1440w\" sizes=\"(max-width: 1024px) 100vw, 1024px\" \/><\/figure><\/div>\n\n\n<h3 class=\"wp-block-heading has-text-align-center financez has-nv-dark-bg-color has-text-color has-link-color wp-elements-cc4b0bda7c229486f92faf9849a52dbf\">F\u00eate des m\u00e8res<\/h3>\n\n\n\n<p class=\"has-text-align-center has-nv-dark-bg-color has-text-color has-link-color wp-elements-149cede5b09c69aa02a2ce536d3ca061\">Derni\u00e8re semaine de mai<\/p>\n\n\n\n<div class=\"wp-block-buttons is-content-justification-center is-layout-flex wp-container-core-buttons-is-layout-4 wp-block-buttons-is-layout-flex\">\n<div class=\"wp-block-button is-style-primary\"><a class=\"wp-block-button__link wp-element-button\" href=\"http:\/\/asso-fleurs.com\/index.php\/catalogues\/\">D\u00e9couvrir le catalogue<\/a><\/div>\n<\/div>\n<\/div>\n<\/div>\n\n\n\n<div style=\"height:40px\" aria-hidden=\"true\" class=\"wp-block-spacer\"><\/div>\n\n\n\n<div class=\"wp-block-columns is-layout-flex wp-container-core-columns-is-layout-2 wp-block-columns-is-layout-flex\">\n<div class=\"wp-block-column is-layout-flow wp-block-column-is-layout-flow\"><div class=\"wp-block-image\">\n<figure class=\"aligncenter size-large\"><img loading=\"lazy\" decoding=\"async\" width=\"1024\" height=\"1024\" src=\"http:\/\/asso-fleurs.com\/wp-content\/uploads\/2024\/10\/Financez-votre-projet-V13-1024x1024.png\" alt=\"\" class=\"wp-image-2363\" srcset=\"https:\/\/asso-fleurs.com\/wp-content\/uploads\/2024\/10\/Financez-votre-projet-V13-1024x1024.png 1024w, https:\/\/asso-fleurs.com\/wp-content\/uploads\/2024\/10\/Financez-votre-projet-V13-300x300.png 300w, https:\/\/asso-fleurs.com\/wp-content\/uploads\/2024\/10\/Financez-votre-projet-V13-150x150.png 150w, https:\/\/asso-fleurs.com\/wp-content\/uploads\/2024\/10\/Financez-votre-projet-V13-768x768.png 768w, https:\/\/asso-fleurs.com\/wp-content\/uploads\/2024\/10\/Financez-votre-projet-V13.png 1440w\" sizes=\"(max-width: 1024px) 100vw, 1024px\" \/><\/figure><\/div>\n\n\n<h3 class=\"wp-block-heading has-text-align-center financez has-nv-dark-bg-color has-text-color has-link-color wp-elements-edf878b56285560894304bc170544e69\">Offrez du bonheur<\/h3>\n\n\n\n<p class=\"has-text-align-center has-nv-dark-bg-color has-text-color has-link-color wp-elements-8de3828aeb5758cae3b5e92795dd8b30\">1er mai<\/p>\n\n\n\n<div class=\"wp-block-buttons is-content-justification-center is-layout-flex wp-container-core-buttons-is-layout-5 wp-block-buttons-is-layout-flex\">\n<div class=\"wp-block-button is-style-primary\"><a class=\"wp-block-button__link wp-element-button\" href=\"http:\/\/asso-fleurs.com\/index.php\/catalogues\/\">D\u00e9couvrir le catalogue<\/a><\/div>\n<\/div>\n<\/div>\n\n\n\n<div class=\"wp-block-column is-layout-flow wp-block-column-is-layout-flow\"><div class=\"wp-block-image\">\n<figure class=\"aligncenter size-large\"><img loading=\"lazy\" decoding=\"async\" width=\"1024\" height=\"1024\" src=\"http:\/\/asso-fleurs.com\/wp-content\/uploads\/2024\/10\/Financez-votre-projet-V14-1024x1024.png\" alt=\"\" class=\"wp-image-2364\" srcset=\"https:\/\/asso-fleurs.com\/wp-content\/uploads\/2024\/10\/Financez-votre-projet-V14-1024x1024.png 1024w, https:\/\/asso-fleurs.com\/wp-content\/uploads\/2024\/10\/Financez-votre-projet-V14-300x300.png 300w, https:\/\/asso-fleurs.com\/wp-content\/uploads\/2024\/10\/Financez-votre-projet-V14-150x150.png 150w, https:\/\/asso-fleurs.com\/wp-content\/uploads\/2024\/10\/Financez-votre-projet-V14-768x768.png 768w, https:\/\/asso-fleurs.com\/wp-content\/uploads\/2024\/10\/Financez-votre-projet-V14.png 1440w\" sizes=\"(max-width: 1024px) 100vw, 1024px\" \/><\/figure><\/div>\n\n\n<h3 class=\"wp-block-heading has-text-align-center financez has-nv-dark-bg-color has-text-color has-link-color wp-elements-535a80b3a4e3b0722999d3c032848a37\">F\u00eates de fin d&rsquo;ann\u00e9e<\/h3>\n\n\n\n<p class=\"has-text-align-center has-nv-dark-bg-color has-text-color has-link-color wp-elements-3966c9ff045bd34e956f9bb88cb9da58\">Fin novembre \u2013 D\u00e9but d\u00e9cembre*<\/p>\n\n\n\n<p class=\"has-text-align-center has-nv-dark-bg-color has-text-color has-link-color wp-elements-b11173a7d80832e908e6ae5d895dc124\"><em>*offre r\u00e9serv\u00e9e au d\u00e9partement de l\u2019oise (60). Autres d\u00e9partements, nous consulter.<\/em><\/p>\n\n\n\n<div class=\"wp-block-buttons is-content-justification-center is-layout-flex wp-container-core-buttons-is-layout-6 wp-block-buttons-is-layout-flex\">\n<div class=\"wp-block-button is-style-primary\"><a class=\"wp-block-button__link wp-element-button\" href=\"http:\/\/asso-fleurs.com\/index.php\/catalogues\/\">D\u00e9couvrir le catalogue<\/a><\/div>\n<\/div>\n\n\n\n<p class=\"has-text-align-center has-nv-dark-bg-color has-text-color has-link-color wp-elements-b9a84ee42f8083f522a34f881d115ebc\"><\/p>\n<\/div>\n\n\n\n<div class=\"wp-block-column is-layout-flow wp-block-column-is-layout-flow\"><div class=\"wp-block-image\">\n<figure class=\"aligncenter size-large\"><img loading=\"lazy\" decoding=\"async\" width=\"1024\" height=\"1024\" src=\"http:\/\/asso-fleurs.com\/wp-content\/uploads\/2024\/10\/Financez-votre-projet-V16-1024x1024.png\" alt=\"\" class=\"wp-image-2366\" srcset=\"https:\/\/asso-fleurs.com\/wp-content\/uploads\/2024\/10\/Financez-votre-projet-V16-1024x1024.png 1024w, https:\/\/asso-fleurs.com\/wp-content\/uploads\/2024\/10\/Financez-votre-projet-V16-300x300.png 300w, https:\/\/asso-fleurs.com\/wp-content\/uploads\/2024\/10\/Financez-votre-projet-V16-150x150.png 150w, https:\/\/asso-fleurs.com\/wp-content\/uploads\/2024\/10\/Financez-votre-projet-V16-768x768.png 768w, https:\/\/asso-fleurs.com\/wp-content\/uploads\/2024\/10\/Financez-votre-projet-V16.png 1440w\" sizes=\"(max-width: 1024px) 100vw, 1024px\" \/><\/figure><\/div>\n\n\n<h3 class=\"wp-block-heading has-text-align-center financez has-nv-dark-bg-color has-text-color has-link-color wp-elements-55043fa7cd345b543ed9170e8262ebe6\">Joyeux No\u00ebl<\/h3>\n\n\n\n<p class=\"has-text-align-center has-nv-dark-bg-color has-text-color has-link-color wp-elements-5bfd5f7d5a4f5e4584c089a654abb1de\">A partir du 15 d\u00e9cembre<\/p>\n\n\n\n<div class=\"wp-block-buttons is-content-justification-center is-layout-flex wp-container-core-buttons-is-layout-7 wp-block-buttons-is-layout-flex\">\n<div class=\"wp-block-button is-style-primary\"><a class=\"wp-block-button__link wp-element-button\" href=\"http:\/\/asso-fleurs.com\/index.php\/catalogues\/\">D\u00e9couvrir le catalogue<\/a><\/div>\n<\/div>\n<\/div>\n<\/div>\n\n\n\n<div style=\"height:30px\" aria-hidden=\"true\" class=\"wp-block-spacer\"><\/div>\n<\/div><\/div>\n","protected":false},"excerpt":{"rendered":"<p>Besoin de fonds pour financer des projets&nbsp;p\u00e9dagogiques, activit\u00e9s de votre \u00e9cole ou association ? (sorties scolaires, voyages, spectacles, jeux, mat\u00e9riels\u2026). Des&nbsp;actions cl\u00e9s-en-main&nbsp;pour financer vos projets \u00e0 partir de la&nbsp;vente de fleurs et plantes. 30 %* de b\u00e9n\u00e9fices pour votre association<\/p>\n","protected":false},"author":1,"featured_media":0,"parent":0,"menu_order":0,"comment_status":"closed","ping_status":"closed","template":"elementor_theme","meta":{"neve_meta_sidebar":"full-width","neve_meta_container":"","neve_meta_enable_content_width":"on","neve_meta_content_width":100,"neve_meta_title_alignment":"","neve_meta_author_avatar":"","neve_post_elements_order":"","neve_meta_disable_header":"","neve_meta_disable_footer":"","neve_meta_disable_title":"on","footnotes":""},"aioseo_notices":[],"_links":{"self":[{"href":"https:\/\/asso-fleurs.com\/index.php\/wp-json\/wp\/v2\/pages\/26"}],"collection":[{"href":"https:\/\/asso-fleurs.com\/index.php\/wp-json\/wp\/v2\/pages"}],"about":[{"href":"https:\/\/asso-fleurs.com\/index.php\/wp-json\/wp\/v2\/types\/page"}],"author":[{"embeddable":true,"href":"https:\/\/asso-fleurs.com\/index.php\/wp-json\/wp\/v2\/users\/1"}],"replies":[{"embeddable":true,"href":"https:\/\/asso-fleurs.com\/index.php\/wp-json\/wp\/v2\/comments?post=26"}],"version-history":[{"count":266,"href":"https:\/\/asso-fleurs.com\/index.php\/wp-json\/wp\/v2\/pages\/26\/revisions"}],"predecessor-version":[{"id":2439,"href":"https:\/\/asso-fleurs.com\/index.php\/wp-json\/wp\/v2\/pages\/26\/revisions\/2439"}],"wp:attachment":[{"href":"https:\/\/asso-fleurs.com\/index.php\/wp-json\/wp\/v2\/media?parent=26"}],"curies":[{"name":"wp","href":"https:\/\/api.w.org\/{rel}","templated":true}]}}