{"id":33,"date":"2021-04-12T14:22:38","date_gmt":"2021-04-12T12:22:38","guid":{"rendered":"https:\/\/asso-fleurs.com\/?page_id=33"},"modified":"2024-10-02T15:52:40","modified_gmt":"2024-10-02T13:52:40","slug":"comment-ca-fonctionne","status":"publish","type":"page","link":"https:\/\/asso-fleurs.com\/index.php\/comment-ca-fonctionne\/","title":{"rendered":"Comment \u00e7a marche ?"},"content":{"rendered":"\n<div class=\"wp-block-cover alignfull\"><span aria-hidden=\"true\" class=\"wp-block-cover__background has-nv-dark-bg-background-color has-background-dim-100 has-background-dim\"><\/span><div class=\"wp-block-cover__inner-container is-layout-constrained wp-block-cover-is-layout-constrained\">\n<div style=\"height:40px\" aria-hidden=\"true\" class=\"wp-block-spacer\"><\/div>\n\n\n\n<h2 class=\"wp-block-heading alignwide has-text-align-center calcul has-nv-site-bg-color has-text-color has-link-color wp-elements-659a106b9906b542d3470663e289e476\">30%* C&rsquo;est le b\u00e9n\u00e9fice qu&rsquo;Asso-fleurs vous garantit sur vos ventes.<\/h2>\n\n\n\n<p class=\"has-text-align-center has-nv-site-bg-color has-text-color has-link-color wp-elements-d54e9abb06d90acd3688a1bc5a14e72a\">*Hors frais d&rsquo;envoi (frais de port \u00e0 partir de 400\u20ac TTC)<\/p>\n\n\n<div class=\"wp-block-image\">\n<figure class=\"aligncenter size-full\"><img fetchpriority=\"high\" decoding=\"async\" width=\"425\" height=\"283\" src=\"http:\/\/asso-fleurs.com\/wp-content\/uploads\/2024\/09\/Comment-ca-marche-V1-1.png\" alt=\"\" class=\"wp-image-2244\" srcset=\"https:\/\/asso-fleurs.com\/wp-content\/uploads\/2024\/09\/Comment-ca-marche-V1-1.png 425w, https:\/\/asso-fleurs.com\/wp-content\/uploads\/2024\/09\/Comment-ca-marche-V1-1-300x200.png 300w\" sizes=\"(max-width: 425px) 100vw, 425px\" \/><\/figure><\/div>\n\n\n<div style=\"height:30px\" aria-hidden=\"true\" class=\"wp-block-spacer\"><\/div>\n<\/div><\/div>\n\n\n\n<div style=\"height:40px\" aria-hidden=\"true\" class=\"wp-block-spacer\"><\/div>\n\n\n\n<h2 class=\"wp-block-heading alignwide has-text-align-center\">Les \u00e9tapes \u00e0 suivre pour mettre en \u0153uvre votre action<\/h2>\n\n\n\n<div class=\"wp-block-columns alignwide is-layout-flex wp-container-core-columns-is-layout-1 wp-block-columns-is-layout-flex\">\n<div class=\"wp-block-column is-layout-flow wp-block-column-is-layout-flow\">\n<figure class=\"wp-block-image size-full\"><img decoding=\"async\" width=\"1512\" height=\"567\" src=\"http:\/\/asso-fleurs.com\/wp-content\/uploads\/2024\/09\/Comment-ca-marche-V12-1.jpg\" alt=\"\" class=\"wp-image-2316\" style=\"object-fit:cover\" srcset=\"https:\/\/asso-fleurs.com\/wp-content\/uploads\/2024\/09\/Comment-ca-marche-V12-1.jpg 1512w, https:\/\/asso-fleurs.com\/wp-content\/uploads\/2024\/09\/Comment-ca-marche-V12-1-300x113.jpg 300w, https:\/\/asso-fleurs.com\/wp-content\/uploads\/2024\/09\/Comment-ca-marche-V12-1-1024x384.jpg 1024w, https:\/\/asso-fleurs.com\/wp-content\/uploads\/2024\/09\/Comment-ca-marche-V12-1-768x288.jpg 768w\" sizes=\"(max-width: 1512px) 100vw, 1512px\" \/><\/figure>\n\n\n\n<h3 class=\"wp-block-heading etape\"><strong>\u00c9tape n\u00b0 1 : Demandez un Kit Gratuit<\/strong>.<\/h3>\n\n\n\n<p><strong><em>Le KIT comprend&nbsp;<\/em><\/strong> :<\/p>\n\n\n\n<ul class=\"wp-block-list etapeliste\">\n<li>Les catalogues \u00e0 distribuer<\/li>\n\n\n\n<li class=\"etapeliste\">Les bons de commandes individuels<\/li>\n\n\n\n<li class=\"etapeliste\">Le guide pour une action r\u00e9ussie<\/li>\n<\/ul>\n<\/div>\n\n\n\n<div class=\"wp-block-column is-layout-flow wp-block-column-is-layout-flow\">\n<figure class=\"wp-block-image size-full\"><img decoding=\"async\" width=\"1512\" height=\"567\" src=\"http:\/\/asso-fleurs.com\/wp-content\/uploads\/2024\/09\/Comment-ca-marche-V15.jpg\" alt=\"\" class=\"wp-image-2317\" style=\"object-fit:cover\" srcset=\"https:\/\/asso-fleurs.com\/wp-content\/uploads\/2024\/09\/Comment-ca-marche-V15.jpg 1512w, https:\/\/asso-fleurs.com\/wp-content\/uploads\/2024\/09\/Comment-ca-marche-V15-300x113.jpg 300w, https:\/\/asso-fleurs.com\/wp-content\/uploads\/2024\/09\/Comment-ca-marche-V15-1024x384.jpg 1024w, https:\/\/asso-fleurs.com\/wp-content\/uploads\/2024\/09\/Comment-ca-marche-V15-768x288.jpg 768w\" sizes=\"(max-width: 1512px) 100vw, 1512px\" \/><\/figure>\n\n\n\n<h2 class=\"wp-block-heading etape\"><strong>\u00c9tape n\u00b0 2 : Distribuez les catalogues re\u00e7us !<\/strong><\/h2>\n\n\n\n<p>Distribution aux \u00e9l\u00e8ves ou membres de votre association.&nbsp;N\u2019oubliez pas de joindre les bons de commande individuels aux catalogues.<\/p>\n<\/div>\n<\/div>\n\n\n\n<div class=\"wp-block-columns alignwide is-layout-flex wp-container-core-columns-is-layout-2 wp-block-columns-is-layout-flex\">\n<div class=\"wp-block-column is-layout-flow wp-block-column-is-layout-flow\">\n<figure class=\"wp-block-image size-full\"><img loading=\"lazy\" decoding=\"async\" width=\"1512\" height=\"567\" src=\"http:\/\/asso-fleurs.com\/wp-content\/uploads\/2024\/09\/Comment-ca-marche-V14.jpg\" alt=\"\" class=\"wp-image-2320\" style=\"object-fit:cover\" srcset=\"https:\/\/asso-fleurs.com\/wp-content\/uploads\/2024\/09\/Comment-ca-marche-V14.jpg 1512w, https:\/\/asso-fleurs.com\/wp-content\/uploads\/2024\/09\/Comment-ca-marche-V14-300x113.jpg 300w, https:\/\/asso-fleurs.com\/wp-content\/uploads\/2024\/09\/Comment-ca-marche-V14-1024x384.jpg 1024w, https:\/\/asso-fleurs.com\/wp-content\/uploads\/2024\/09\/Comment-ca-marche-V14-768x288.jpg 768w\" sizes=\"(max-width: 1512px) 100vw, 1512px\" \/><\/figure>\n\n\n\n<h2 class=\"wp-block-heading etape\"><strong>\u00c9tape n\u00b0 3 : Renvoyez la commande group\u00e9e.<\/strong><\/h2>\n\n\n\n<p>Utilisez le bon de commande ORGANISATEUR et visualisez facilement combien va vous rapporter l\u2019op\u00e9ration ! Renvoyez le bon de commande Organisateur \u00e0 Asso-fleurs.<\/p>\n<\/div>\n\n\n\n<div class=\"wp-block-column is-layout-flow wp-block-column-is-layout-flow\">\n<figure class=\"wp-block-image size-full\"><img loading=\"lazy\" decoding=\"async\" width=\"1512\" height=\"567\" src=\"http:\/\/asso-fleurs.com\/wp-content\/uploads\/2024\/09\/Comment-ca-marche-V13.jpg\" alt=\"\" class=\"wp-image-2319\" style=\"object-fit:cover\" srcset=\"https:\/\/asso-fleurs.com\/wp-content\/uploads\/2024\/09\/Comment-ca-marche-V13.jpg 1512w, https:\/\/asso-fleurs.com\/wp-content\/uploads\/2024\/09\/Comment-ca-marche-V13-300x113.jpg 300w, https:\/\/asso-fleurs.com\/wp-content\/uploads\/2024\/09\/Comment-ca-marche-V13-1024x384.jpg 1024w, https:\/\/asso-fleurs.com\/wp-content\/uploads\/2024\/09\/Comment-ca-marche-V13-768x288.jpg 768w\" sizes=\"(max-width: 1512px) 100vw, 1512px\" \/><\/figure>\n\n\n\n<h2 class=\"wp-block-heading etape\"><strong>\u00c9tape n\u00b0 4 : La livraison est arriv\u00e9e ? Distribuez !<\/strong><\/h2>\n\n\n\n<p>Convenez d\u2019une date de livraison id\u00e9ale avec Asso-fleurs.&nbsp;Pr\u00e9venez les personnes qui ont pass\u00e9 une commande du jour de livraison.<\/p>\n<\/div>\n<\/div>\n\n\n\n<div class=\"wp-block-buttons alignwide is-content-justification-center is-layout-flex wp-container-core-buttons-is-layout-1 wp-block-buttons-is-layout-flex\">\n<div class=\"wp-block-button is-style-primary\"><a class=\"wp-block-button__link wp-element-button\" href=\"http:\/\/asso-fleurs.com\/index.php\/lancez-votre-projet\/\">lancez votre action !<\/a><\/div>\n<\/div>\n\n\n\n<div style=\"height:40px\" aria-hidden=\"true\" class=\"wp-block-spacer\"><\/div>\n\n\n\n<div class=\"wp-block-cover alignfull is-light\"><span aria-hidden=\"true\" class=\"wp-block-cover__background has-background-dim-100 has-background-dim\" style=\"background-color:#f5ecea\"><\/span><div class=\"wp-block-cover__inner-container is-layout-constrained wp-block-cover-is-layout-constrained\">\n<div style=\"height:40px\" aria-hidden=\"true\" class=\"wp-block-spacer\"><\/div>\n\n\n\n<h2 class=\"wp-block-heading alignwide has-text-align-center has-nv-dark-bg-color has-text-color has-link-color wp-elements-c2533cf101a5bc9fcc5fc53e0b7b725d\">Les trois acteurs en jeu !<\/h2>\n\n\n\n<div class=\"wp-block-columns alignwide is-layout-flex wp-container-core-columns-is-layout-3 wp-block-columns-is-layout-flex\">\n<div class=\"wp-block-column is-layout-flow wp-block-column-is-layout-flow\">\n<figure class=\"wp-block-image size-full\"><img loading=\"lazy\" decoding=\"async\" width=\"567\" height=\"425\" src=\"http:\/\/asso-fleurs.com\/wp-content\/uploads\/2024\/09\/Comment-ca-marche-V16-1.png\" alt=\"\" class=\"wp-image-2293\" style=\"object-fit:cover\" srcset=\"https:\/\/asso-fleurs.com\/wp-content\/uploads\/2024\/09\/Comment-ca-marche-V16-1.png 567w, https:\/\/asso-fleurs.com\/wp-content\/uploads\/2024\/09\/Comment-ca-marche-V16-1-300x225.png 300w\" sizes=\"(max-width: 567px) 100vw, 567px\" \/><\/figure>\n\n\n\n<h3 class=\"wp-block-heading acteurs has-nv-dark-bg-color has-text-color has-link-color wp-elements-227628720b40c0d732131ef9999c9ab1\">Les organisateurs<\/h3>\n\n\n\n<p class=\"has-nv-dark-bg-color has-text-color has-link-color wp-elements-4c53028a0eeb57356b427047f6f0c717\">C&rsquo;est vous ! Personne(s) d&rsquo;une association \u00e0 l&rsquo;initiative de la mise en place d&rsquo;une op\u00e9ration<\/p>\n<\/div>\n\n\n\n<div class=\"wp-block-column is-layout-flow wp-block-column-is-layout-flow\">\n<figure class=\"wp-block-image size-full\"><img loading=\"lazy\" decoding=\"async\" width=\"567\" height=\"425\" src=\"http:\/\/asso-fleurs.com\/wp-content\/uploads\/2024\/09\/Comment-ca-marche-V17-1.png\" alt=\"\" class=\"wp-image-2294\" style=\"object-fit:cover\" srcset=\"https:\/\/asso-fleurs.com\/wp-content\/uploads\/2024\/09\/Comment-ca-marche-V17-1.png 567w, https:\/\/asso-fleurs.com\/wp-content\/uploads\/2024\/09\/Comment-ca-marche-V17-1-300x225.png 300w\" sizes=\"(max-width: 567px) 100vw, 567px\" \/><\/figure>\n\n\n\n<h3 class=\"wp-block-heading acteurs has-nv-dark-bg-color has-text-color has-link-color wp-elements-aca98244da3486760516ff0f1aefb4f7\">Les Membr&rsquo;Acteurs<\/h3>\n\n\n\n<p class=\"has-nv-dark-bg-color has-text-color has-link-color wp-elements-9d957d3c1b49a238af3e75ed8c78a471\">Vos \u00e9l\u00e8ves ou membres de votre association qui diffusent le catalogue \u00e0 leurs proches<\/p>\n<\/div>\n\n\n\n<div class=\"wp-block-column is-layout-flow wp-block-column-is-layout-flow\">\n<figure class=\"wp-block-image size-full\"><img loading=\"lazy\" decoding=\"async\" width=\"567\" height=\"425\" src=\"http:\/\/asso-fleurs.com\/wp-content\/uploads\/2024\/09\/Comment-ca-marche-V18-1.png\" alt=\"\" class=\"wp-image-2295\" style=\"object-fit:cover\" srcset=\"https:\/\/asso-fleurs.com\/wp-content\/uploads\/2024\/09\/Comment-ca-marche-V18-1.png 567w, https:\/\/asso-fleurs.com\/wp-content\/uploads\/2024\/09\/Comment-ca-marche-V18-1-300x225.png 300w\" sizes=\"(max-width: 567px) 100vw, 567px\" \/><\/figure>\n\n\n\n<h3 class=\"wp-block-heading acteurs has-nv-dark-bg-color has-text-color has-link-color wp-elements-e979a6f713000300b0f278e97bd8ef87\">Les M\u00e9c\u00e8nes<\/h3>\n\n\n\n<p class=\"has-nv-dark-bg-color has-text-color has-link-color wp-elements-cf6a2be7750684b5ec3a9a8a9bcd12ad\">Toute personne de l&rsquo;entourage des Membr&rsquo;Acteurs qui soutiennent le projet<\/p>\n<\/div>\n<\/div>\n\n\n\n<div class=\"wp-block-buttons alignwide is-content-justification-center is-layout-flex wp-container-core-buttons-is-layout-2 wp-block-buttons-is-layout-flex\">\n<div class=\"wp-block-button is-style-primary\"><a class=\"wp-block-button__link wp-element-button\" href=\"http:\/\/asso-fleurs.com\/index.php\/lancez-votre-projet\/\">Lancez votre action !<\/a><\/div>\n<\/div>\n\n\n\n<div style=\"height:40px\" aria-hidden=\"true\" class=\"wp-block-spacer\"><\/div>\n<\/div><\/div>\n","protected":false},"excerpt":{"rendered":"<p>Les \u00e9tapes \u00e0 suivre pour mettre en \u0153uvre votre action \u00c9tape n\u00b0 1 : Demandez un Kit Gratuit. Le KIT comprend&nbsp; : \u00c9tape n\u00b0 2 : Distribuez les catalogues re\u00e7us ! Distribution aux \u00e9l\u00e8ves ou membres de votre association.&nbsp;N\u2019oubliez pas de joindre les bons de commande individuels aux catalogues. \u00c9tape n\u00b0 3 : Renvoyez la&hellip;&nbsp;<a href=\"https:\/\/asso-fleurs.com\/index.php\/comment-ca-fonctionne\/\" class=\"\" rel=\"bookmark\">Lire la suite &raquo;<span class=\"screen-reader-text\">Comment \u00e7a marche ?<\/span><\/a><\/p>\n","protected":false},"author":1,"featured_media":0,"parent":0,"menu_order":0,"comment_status":"closed","ping_status":"closed","template":"elementor_theme","meta":{"neve_meta_sidebar":"full-width","neve_meta_container":"","neve_meta_enable_content_width":"on","neve_meta_content_width":55,"neve_meta_title_alignment":"","neve_meta_author_avatar":"","neve_post_elements_order":"","neve_meta_disable_header":"","neve_meta_disable_footer":"","neve_meta_disable_title":"on","footnotes":""},"aioseo_notices":[],"_links":{"self":[{"href":"https:\/\/asso-fleurs.com\/index.php\/wp-json\/wp\/v2\/pages\/33"}],"collection":[{"href":"https:\/\/asso-fleurs.com\/index.php\/wp-json\/wp\/v2\/pages"}],"about":[{"href":"https:\/\/asso-fleurs.com\/index.php\/wp-json\/wp\/v2\/types\/page"}],"author":[{"embeddable":true,"href":"https:\/\/asso-fleurs.com\/index.php\/wp-json\/wp\/v2\/users\/1"}],"replies":[{"embeddable":true,"href":"https:\/\/asso-fleurs.com\/index.php\/wp-json\/wp\/v2\/comments?post=33"}],"version-history":[{"count":267,"href":"https:\/\/asso-fleurs.com\/index.php\/wp-json\/wp\/v2\/pages\/33\/revisions"}],"predecessor-version":[{"id":2438,"href":"https:\/\/asso-fleurs.com\/index.php\/wp-json\/wp\/v2\/pages\/33\/revisions\/2438"}],"wp:attachment":[{"href":"https:\/\/asso-fleurs.com\/index.php\/wp-json\/wp\/v2\/media?parent=33"}],"curies":[{"name":"wp","href":"https:\/\/api.w.org\/{rel}","templated":true}]}}