{"id":881,"date":"2021-05-11T16:23:43","date_gmt":"2021-05-11T14:23:43","guid":{"rendered":"https:\/\/asso-fleurs.com\/?page_id=881"},"modified":"2024-10-02T12:24:20","modified_gmt":"2024-10-02T10:24:20","slug":"a-propos","status":"publish","type":"page","link":"https:\/\/asso-fleurs.com\/index.php\/a-propos\/","title":{"rendered":"\u00c0 propos"},"content":{"rendered":"\n<div style=\"height:40px\" aria-hidden=\"true\" class=\"wp-block-spacer\"><\/div>\n\n\n\n<div class=\"wp-block-columns are-vertically-aligned-top is-layout-flex wp-container-core-columns-is-layout-1 wp-block-columns-is-layout-flex\">\n<div class=\"wp-block-column is-vertically-aligned-top is-layout-flow wp-block-column-is-layout-flow\" style=\"flex-basis:33.33%\">\n<figure class=\"wp-block-image size-full\"><img fetchpriority=\"high\" decoding=\"async\" width=\"425\" height=\"425\" src=\"http:\/\/asso-fleurs.com\/wp-content\/uploads\/2024\/09\/Comment-ca-marche-V19.png\" alt=\"\" class=\"wp-image-2299\" srcset=\"https:\/\/asso-fleurs.com\/wp-content\/uploads\/2024\/09\/Comment-ca-marche-V19.png 425w, https:\/\/asso-fleurs.com\/wp-content\/uploads\/2024\/09\/Comment-ca-marche-V19-300x300.png 300w, https:\/\/asso-fleurs.com\/wp-content\/uploads\/2024\/09\/Comment-ca-marche-V19-150x150.png 150w\" sizes=\"(max-width: 425px) 100vw, 425px\" \/><\/figure>\n<\/div>\n\n\n\n<div class=\"wp-block-column is-vertically-aligned-top is-layout-flow wp-block-column-is-layout-flow\" style=\"flex-basis:66.66%\">\n<h2 class=\"wp-block-heading\">\u00c0 propos de nous&#8230;<\/h2>\n\n\n\n<p>Partant du constat que <strong>les associations doivent toujours innover<\/strong> pour trouver des sources de financements \u00e0 travers<strong> des actions originales<\/strong>, l&rsquo;entreprise DIFFORVERT a cr\u00e9\u00e9 sp\u00e9cialement <strong>la marque ASSO-FLEURS<\/strong> pour r\u00e9pondre aux besoins particuliers des associations (culturelles, sportives\u2026) et des acteurs de l\u2019enseignement (enseignants, parents d\u2019\u00e9l\u00e8ves, coll\u00e8ges, lyc\u00e9es\u2026) : faciliter la vente de fleurs et plantes&#8230; march\u00e9 au fleurs, muguet, f\u00eate des grands-m\u00e8res&#8230;<\/p>\n\n\n\n<p>\u00c0 travers cette marque, des <strong>solutions performantes<\/strong> et <strong>cl\u00e9s en main<\/strong>, sont mises \u00e0 disposition du milieu associatif.<\/p>\n\n\n\n<p>DIFFORVERT est le <strong>r\u00e9f\u00e9rent historique sur les plantes<\/strong> et les fleurs coup\u00e9es. Situ\u00e9e au <strong>c\u0153ur de l\u2019Oise<\/strong> \u00e0 Jonqui\u00e8res (60), elle maille un large territoire. Toujours \u00e0 la <strong>pointe de l\u2019innovation<\/strong>, DifforVert fait \u00e9voluer ses gammes pour satisfaire le march\u00e9 et ses tendances.<\/p>\n\n\n\n<p>Son quotidien mobilise, au c\u0153ur d\u2019une <strong>structure familiale,<\/strong> les comp\u00e9tences pr\u00e9cieuses de <strong>100 \u00e0 230 permanents et saisonniers engag\u00e9s<\/strong>, capables de satisfaire les nombreux temps forts de l\u2019activit\u00e9\u0301.<\/p>\n\n\n\n<p>Ainsi grandit une collaboration bas\u00e9e sur une <strong>relation de confiance,<\/strong> des int\u00e9r\u00eats mutuels et une <strong>r\u00e9ussite commune<\/strong>.<\/p>\n\n\n\n<h3 class=\"wp-block-heading has-neve-link-hover-color-color has-text-color has-link-color wp-elements-cafbea3ccd51b4318d523c00dd6d9d3d\"><strong>Tous nos produits fleuris (sauf sapins) sont confectionn\u00e9s dans nos ateliers de l&rsquo;Oise !<\/strong><\/h3>\n<\/div>\n<\/div>\n","protected":false},"excerpt":{"rendered":"<p>\u00c0 propos de nous&#8230; Partant du constat que les associations doivent toujours innover pour trouver des sources de financements \u00e0 travers des actions originales, l&rsquo;entreprise DIFFORVERT a cr\u00e9\u00e9 sp\u00e9cialement la marque ASSO-FLEURS pour r\u00e9pondre aux besoins particuliers des associations (culturelles, sportives\u2026) et des acteurs de l\u2019enseignement (enseignants, parents d\u2019\u00e9l\u00e8ves, coll\u00e8ges, lyc\u00e9es\u2026) : faciliter la vente&hellip;&nbsp;<a href=\"https:\/\/asso-fleurs.com\/index.php\/a-propos\/\" class=\"\" rel=\"bookmark\">Lire la suite &raquo;<span class=\"screen-reader-text\">\u00c0 propos<\/span><\/a><\/p>\n","protected":false},"author":1,"featured_media":0,"parent":0,"menu_order":0,"comment_status":"closed","ping_status":"closed","template":"elementor_theme","meta":{"neve_meta_sidebar":"full-width","neve_meta_container":"","neve_meta_enable_content_width":"on","neve_meta_content_width":100,"neve_meta_title_alignment":"","neve_meta_author_avatar":"","neve_post_elements_order":"","neve_meta_disable_header":"","neve_meta_disable_footer":"","neve_meta_disable_title":"","footnotes":""},"aioseo_notices":[],"_links":{"self":[{"href":"https:\/\/asso-fleurs.com\/index.php\/wp-json\/wp\/v2\/pages\/881"}],"collection":[{"href":"https:\/\/asso-fleurs.com\/index.php\/wp-json\/wp\/v2\/pages"}],"about":[{"href":"https:\/\/asso-fleurs.com\/index.php\/wp-json\/wp\/v2\/types\/page"}],"author":[{"embeddable":true,"href":"https:\/\/asso-fleurs.com\/index.php\/wp-json\/wp\/v2\/users\/1"}],"replies":[{"embeddable":true,"href":"https:\/\/asso-fleurs.com\/index.php\/wp-json\/wp\/v2\/comments?post=881"}],"version-history":[{"count":73,"href":"https:\/\/asso-fleurs.com\/index.php\/wp-json\/wp\/v2\/pages\/881\/revisions"}],"predecessor-version":[{"id":2430,"href":"https:\/\/asso-fleurs.com\/index.php\/wp-json\/wp\/v2\/pages\/881\/revisions\/2430"}],"wp:attachment":[{"href":"https:\/\/asso-fleurs.com\/index.php\/wp-json\/wp\/v2\/media?parent=881"}],"curies":[{"name":"wp","href":"https:\/\/api.w.org\/{rel}","templated":true}]}}